{"id":39,"date":"2021-05-03T18:54:53","date_gmt":"2021-05-03T18:54:53","guid":{"rendered":"http:\/\/sandbox.avotz.com\/rinconviejapark\/?post_type=product&#038;p=39"},"modified":"2021-05-03T22:06:34","modified_gmt":"2021-05-03T22:06:34","slug":"catarata-la-escondida","status":"publish","type":"product","link":"https:\/\/sandbox.avotz.com\/rinconviejapark\/tour\/catarata-la-escondida\/","title":{"rendered":"Catarata La Escondida"},"content":{"rendered":"<p>Este sendero tiene 9km de ida y vuelta, pero un nivel muy duro y dif\u00edcil que solamente los buenos excursionistas pueden realizar, porque en su mayor\u00eda es cuesta arriba y despu\u00e9s de cierta parte no se puede ver el camino, por eso el nombre de Catarata La Escondida, debido a que, muchas personas aventureras no pueden encontrar la catarata.<\/p>\n","protected":false},"excerpt":{"rendered":"<p>Este sendero tiene 9km de ida y vuelta, pero un nivel muy duro y dif\u00edcil que solamente los buenos excursionistas pueden realizar.<\/p>\n","protected":false},"featured_media":0,"comment_status":"open","ping_status":"closed","template":"","meta":[],"class_list":["post-39","product","type-product","status-publish","hentry","product_cat-popular-es"],"_links":{"self":[{"href":"https:\/\/sandbox.avotz.com\/rinconviejapark\/wp-json\/wp\/v2\/product\/39","targetHints":{"allow":["GET"]}}],"collection":[{"href":"https:\/\/sandbox.avotz.com\/rinconviejapark\/wp-json\/wp\/v2\/product"}],"about":[{"href":"https:\/\/sandbox.avotz.com\/rinconviejapark\/wp-json\/wp\/v2\/types\/product"}],"replies":[{"embeddable":true,"href":"https:\/\/sandbox.avotz.com\/rinconviejapark\/wp-json\/wp\/v2\/comments?post=39"}],"wp:attachment":[{"href":"https:\/\/sandbox.avotz.com\/rinconviejapark\/wp-json\/wp\/v2\/media?parent=39"}],"curies":[{"name":"wp","href":"https:\/\/api.w.org\/{rel}","templated":true}]}}