{"id":27,"date":"2021-04-08T22:59:10","date_gmt":"2021-04-08T22:59:10","guid":{"rendered":"http:\/\/sandbox.avotz.com\/rinconviejapark\/?post_type=product&#038;p=27"},"modified":"2021-05-03T22:07:53","modified_gmt":"2021-05-03T22:07:53","slug":"sendero-volcanico-las-pailas","status":"publish","type":"product","link":"https:\/\/sandbox.avotz.com\/rinconviejapark\/tour\/sendero-volcanico-las-pailas\/","title":{"rendered":"Sendero Volc\u00e1nico Las Pailas"},"content":{"rendered":"<p>Este sendero tiene 3.2 km presenta un nivel bajo a moderado y nos va a tomar entre 2 a 3 horas. Alrededor de este sendero podemos ver las actividades volc\u00e1nicas secundarias como las pailas de barro, laguna fumar\u00f3lica, lago de vapor y una formaci\u00f3n volc\u00e1nica similar a un peque\u00f1o volc\u00e1n, tambi\u00e9n en este sendero podremos ver la transici\u00f3n entre dos tipos diferentes de bosque y si tenemos suerte podemos observar la vida silvestre en acci\u00f3n.<\/p>\n<p>&nbsp;<\/p>\n","protected":false},"excerpt":{"rendered":"<p>Este sendero tiene 3.2 km presenta un nivel bajo a moderado y nos va a tomar entre 2 a 3 horas.<\/p>\n","protected":false},"featured_media":28,"comment_status":"open","ping_status":"closed","template":"","meta":[],"class_list":["post-27","product","type-product","status-publish","has-post-thumbnail","hentry","product_cat-popular-es"],"_links":{"self":[{"href":"https:\/\/sandbox.avotz.com\/rinconviejapark\/wp-json\/wp\/v2\/product\/27","targetHints":{"allow":["GET"]}}],"collection":[{"href":"https:\/\/sandbox.avotz.com\/rinconviejapark\/wp-json\/wp\/v2\/product"}],"about":[{"href":"https:\/\/sandbox.avotz.com\/rinconviejapark\/wp-json\/wp\/v2\/types\/product"}],"replies":[{"embeddable":true,"href":"https:\/\/sandbox.avotz.com\/rinconviejapark\/wp-json\/wp\/v2\/comments?post=27"}],"wp:featuredmedia":[{"embeddable":true,"href":"https:\/\/sandbox.avotz.com\/rinconviejapark\/wp-json\/wp\/v2\/media\/28"}],"wp:attachment":[{"href":"https:\/\/sandbox.avotz.com\/rinconviejapark\/wp-json\/wp\/v2\/media?parent=27"}],"curies":[{"name":"wp","href":"https:\/\/api.w.org\/{rel}","templated":true}]}}