{"id":81,"date":"2022-09-23T23:49:42","date_gmt":"2022-09-23T23:49:42","guid":{"rendered":"http:\/\/sandbox.avotz.com\/liberianuevawp\/?page_id=81"},"modified":"2022-09-23T23:50:01","modified_gmt":"2022-09-23T23:50:01","slug":"campana-donacion-de-sangre","status":"publish","type":"page","link":"https:\/\/sandbox.avotz.com\/liberianuevawp\/campana-donacion-de-sangre\/","title":{"rendered":"Campa\u00f1a donaci\u00f3n de sangre"},"content":{"rendered":"\n<h2><strong>\u00a1\u00a1\u00a1TODOS LLEVAMOS UN HEROE EN LA SANGRE!!!<\/strong><\/h2>\n\n\n\n<p>La Asociaci\u00f3n Liberia Nueva como parte de sus principios de responsabilidad social con la comunidad, organiz\u00f3 pasado el 13 de Enero de 2022 una campa\u00f1a de donaci\u00f3n de sangre llamada <em>Todos llevamos un h\u00e9roe en la sangre<\/em>, en la ciudad de Liberia.&nbsp; Este es un gesto invaluable que lo realizamos con amor y con el gran prop\u00f3sito de poder salvar vidas.&nbsp;<\/p>\n\n\n\n<p><strong>Primera campa\u00f1a de donaci\u00f3n de sangre \u2013 Escuela Alba Ocampo A.<\/strong><\/p>\n\n\n\n<figure class=\"wp-container-2 wp-block-gallery-1 wp-block-gallery has-nested-images columns-default is-cropped\">\n<figure class=\"wp-block-image size-large\"><img loading=\"lazy\" width=\"566\" height=\"862\" data-id=\"84\"  src=\"http:\/\/sandbox.avotz.com\/liberianuevawp\/wp-content\/uploads\/2022\/09\/2343.png\" alt=\"\" class=\"wp-image-84\" srcset=\"https:\/\/sandbox.avotz.com\/liberianuevawp\/wp-content\/uploads\/2022\/09\/2343.png 566w, https:\/\/sandbox.avotz.com\/liberianuevawp\/wp-content\/uploads\/2022\/09\/2343-197x300.png 197w\" sizes=\"(max-width: 566px) 100vw, 566px\" \/><\/figure>\n\n\n\n<figure class=\"wp-block-image size-large\"><img loading=\"lazy\" width=\"576\" height=\"1024\" data-id=\"82\"  src=\"http:\/\/sandbox.avotz.com\/liberianuevawp\/wp-content\/uploads\/2022\/09\/3434-576x1024.jpg\" alt=\"\" class=\"wp-image-82\" srcset=\"https:\/\/sandbox.avotz.com\/liberianuevawp\/wp-content\/uploads\/2022\/09\/3434-576x1024.jpg 576w, https:\/\/sandbox.avotz.com\/liberianuevawp\/wp-content\/uploads\/2022\/09\/3434-169x300.jpg 169w, https:\/\/sandbox.avotz.com\/liberianuevawp\/wp-content\/uploads\/2022\/09\/3434.jpg 750w\" sizes=\"(max-width: 576px) 100vw, 576px\" \/><\/figure>\n\n\n\n<figure class=\"wp-block-image size-large\"><img loading=\"lazy\" width=\"768\" height=\"1024\" data-id=\"85\"  src=\"http:\/\/sandbox.avotz.com\/liberianuevawp\/wp-content\/uploads\/2022\/09\/434343-768x1024.jpg\" alt=\"\" class=\"wp-image-85\" srcset=\"https:\/\/sandbox.avotz.com\/liberianuevawp\/wp-content\/uploads\/2022\/09\/434343-768x1024.jpg 768w, https:\/\/sandbox.avotz.com\/liberianuevawp\/wp-content\/uploads\/2022\/09\/434343-225x300.jpg 225w, https:\/\/sandbox.avotz.com\/liberianuevawp\/wp-content\/uploads\/2022\/09\/434343-1152x1536.jpg 1152w, https:\/\/sandbox.avotz.com\/liberianuevawp\/wp-content\/uploads\/2022\/09\/434343.jpg 1232w\" sizes=\"(max-width: 768px) 100vw, 768px\" \/><\/figure>\n<\/figure>\n","protected":false},"excerpt":{"rendered":"<p>\u00a1\u00a1\u00a1TODOS LLEVAMOS UN HEROE EN LA SANGRE!!! La Asociaci\u00f3n Liberia Nueva como parte de sus principios de responsabilidad social con la comunidad, organiz\u00f3 pasado el 13 de Enero de 2022 una campa\u00f1a de donaci\u00f3n de sangre llamada Todos llevamos un h\u00e9roe en la sangre, en la ciudad de Liberia.&nbsp; Este es un gesto invaluable que [&hellip;]<\/p>\n","protected":false},"author":1,"featured_media":0,"parent":0,"menu_order":0,"comment_status":"closed","ping_status":"closed","template":"","meta":[],"_links":{"self":[{"href":"https:\/\/sandbox.avotz.com\/liberianuevawp\/wp-json\/wp\/v2\/pages\/81"}],"collection":[{"href":"https:\/\/sandbox.avotz.com\/liberianuevawp\/wp-json\/wp\/v2\/pages"}],"about":[{"href":"https:\/\/sandbox.avotz.com\/liberianuevawp\/wp-json\/wp\/v2\/types\/page"}],"author":[{"embeddable":true,"href":"https:\/\/sandbox.avotz.com\/liberianuevawp\/wp-json\/wp\/v2\/users\/1"}],"replies":[{"embeddable":true,"href":"https:\/\/sandbox.avotz.com\/liberianuevawp\/wp-json\/wp\/v2\/comments?post=81"}],"version-history":[{"count":2,"href":"https:\/\/sandbox.avotz.com\/liberianuevawp\/wp-json\/wp\/v2\/pages\/81\/revisions"}],"predecessor-version":[{"id":87,"href":"https:\/\/sandbox.avotz.com\/liberianuevawp\/wp-json\/wp\/v2\/pages\/81\/revisions\/87"}],"wp:attachment":[{"href":"https:\/\/sandbox.avotz.com\/liberianuevawp\/wp-json\/wp\/v2\/media?parent=81"}],"curies":[{"name":"wp","href":"https:\/\/api.w.org\/{rel}","templated":true}]}}