{"id":76,"date":"2022-09-23T23:47:33","date_gmt":"2022-09-23T23:47:33","guid":{"rendered":"http:\/\/sandbox.avotz.com\/liberianuevawp\/?page_id=76"},"modified":"2022-09-23T23:47:33","modified_gmt":"2022-09-23T23:47:33","slug":"inversiones-sociales","status":"publish","type":"page","link":"https:\/\/sandbox.avotz.com\/liberianuevawp\/inversiones-sociales\/","title":{"rendered":"Inversiones Sociales"},"content":{"rendered":"\n<h2><strong>Escuela de Curuband\u00e9<\/strong><\/h2>\n\n\n\n<p>La Asociaci\u00f3n Liberia Nueva realiz\u00f3 la donaci\u00f3n de 24 sillas y 24 mesas para el k\u00ednder de la Escuela de Curuband\u00e9, Liberia.\u00a0 Nos complace dar un granito de arena para la educaci\u00f3n de los ni\u00f1os y ni\u00f1as que son nuestro futuro.<\/p>\n\n\n\n<figure class=\"wp-container-2 wp-block-gallery-1 wp-block-gallery has-nested-images columns-default is-cropped\">\n<figure class=\"wp-block-image size-large\"><img loading=\"lazy\" width=\"647\" height=\"437\" data-id=\"78\"  src=\"http:\/\/sandbox.avotz.com\/liberianuevawp\/wp-content\/uploads\/2022\/09\/121.png\" alt=\"\" class=\"wp-image-78\" srcset=\"https:\/\/sandbox.avotz.com\/liberianuevawp\/wp-content\/uploads\/2022\/09\/121.png 647w, https:\/\/sandbox.avotz.com\/liberianuevawp\/wp-content\/uploads\/2022\/09\/121-300x203.png 300w\" sizes=\"(max-width: 647px) 100vw, 647px\" \/><\/figure>\n\n\n\n<figure class=\"wp-block-image size-large\"><img loading=\"lazy\" width=\"1024\" height=\"759\" data-id=\"79\"  src=\"http:\/\/sandbox.avotz.com\/liberianuevawp\/wp-content\/uploads\/2022\/09\/12121-1024x759.png\" alt=\"\" class=\"wp-image-79\" srcset=\"https:\/\/sandbox.avotz.com\/liberianuevawp\/wp-content\/uploads\/2022\/09\/12121-1024x759.png 1024w, https:\/\/sandbox.avotz.com\/liberianuevawp\/wp-content\/uploads\/2022\/09\/12121-300x222.png 300w, https:\/\/sandbox.avotz.com\/liberianuevawp\/wp-content\/uploads\/2022\/09\/12121-768x569.png 768w, https:\/\/sandbox.avotz.com\/liberianuevawp\/wp-content\/uploads\/2022\/09\/12121.png 1127w\" sizes=\"(max-width: 1024px) 100vw, 1024px\" \/><\/figure>\n<\/figure>\n","protected":false},"excerpt":{"rendered":"<p>Escuela de Curuband\u00e9 La Asociaci\u00f3n Liberia Nueva realiz\u00f3 la donaci\u00f3n de 24 sillas y 24 mesas para el k\u00ednder de la Escuela de Curuband\u00e9, Liberia.\u00a0 Nos complace dar un granito de arena para la educaci\u00f3n de los ni\u00f1os y ni\u00f1as que son nuestro futuro.<\/p>\n","protected":false},"author":1,"featured_media":0,"parent":0,"menu_order":0,"comment_status":"closed","ping_status":"closed","template":"","meta":[],"_links":{"self":[{"href":"https:\/\/sandbox.avotz.com\/liberianuevawp\/wp-json\/wp\/v2\/pages\/76"}],"collection":[{"href":"https:\/\/sandbox.avotz.com\/liberianuevawp\/wp-json\/wp\/v2\/pages"}],"about":[{"href":"https:\/\/sandbox.avotz.com\/liberianuevawp\/wp-json\/wp\/v2\/types\/page"}],"author":[{"embeddable":true,"href":"https:\/\/sandbox.avotz.com\/liberianuevawp\/wp-json\/wp\/v2\/users\/1"}],"replies":[{"embeddable":true,"href":"https:\/\/sandbox.avotz.com\/liberianuevawp\/wp-json\/wp\/v2\/comments?post=76"}],"version-history":[{"count":1,"href":"https:\/\/sandbox.avotz.com\/liberianuevawp\/wp-json\/wp\/v2\/pages\/76\/revisions"}],"predecessor-version":[{"id":80,"href":"https:\/\/sandbox.avotz.com\/liberianuevawp\/wp-json\/wp\/v2\/pages\/76\/revisions\/80"}],"wp:attachment":[{"href":"https:\/\/sandbox.avotz.com\/liberianuevawp\/wp-json\/wp\/v2\/media?parent=76"}],"curies":[{"name":"wp","href":"https:\/\/api.w.org\/{rel}","templated":true}]}}