{"id":40,"date":"2022-01-13T16:47:11","date_gmt":"2022-01-13T16:47:11","guid":{"rendered":"http:\/\/sandbox.avotz.com\/liberianuevawp\/?page_id=40"},"modified":"2022-01-13T20:57:49","modified_gmt":"2022-01-13T20:57:49","slug":"educacion","status":"publish","type":"page","link":"https:\/\/sandbox.avotz.com\/liberianuevawp\/educacion\/","title":{"rendered":"Educaci\u00f3n"},"content":{"rendered":"\n<div class=\"wp-container-3 wp-block-columns\">\n<div class=\"wp-container-1 wp-block-column\">\n<p>Se han realizado diferentes actividades con la comunidad estudiantil menor de edad. Uno de ellos fue un desayuno con don Franklin Chang D\u00edaz en el restaurante Donde Pipe, donde se comparti\u00f3 con grandes y peque\u00f1os an\u00e9cdotas de infancia y adolescencia de don Franklin.<\/p>\n\n\n\n<p>Adem\u00e1s, la Asociaci\u00f3n Liberia Nueva trabajaba en conjunto con una asociaci\u00f3n \u201chermana\u201d, Asociaci\u00f3n Estrategia Siglo XXI. Con ella se coordinaba el proceso de selecci\u00f3n para dos becarios que se ve\u00edan beneficiados con una pasant\u00eda con todos los gastos pagos a Houston, en el programa Space School de FISE (Foundation for Internatinal Space Education). Costa Rica era el \u00fanico pa\u00eds centroamericano invitado a formar parte de este programa de pasant\u00edas.<\/p>\n\n\n\n<p>Tambi\u00e9n se colabor\u00f3 en la organizaci\u00f3n del Primer Foro Internacional del Hidr\u00f3geno en Costa Rica 13 y 14 de agosto del 2018<\/p>\n<\/div>\n\n\n\n<div class=\"wp-container-2 wp-block-column\">\n<figure class=\"wp-block-image size-full\"><img loading=\"lazy\" width=\"1024\" height=\"768\" src=\"http:\/\/sandbox.avotz.com\/liberianuevawp\/wp-content\/uploads\/2022\/01\/aaron-burden-6jYoil2GhVk-unsplash.jpg\" alt=\"\" class=\"wp-image-41\" srcset=\"https:\/\/sandbox.avotz.com\/liberianuevawp\/wp-content\/uploads\/2022\/01\/aaron-burden-6jYoil2GhVk-unsplash.jpg 1024w, https:\/\/sandbox.avotz.com\/liberianuevawp\/wp-content\/uploads\/2022\/01\/aaron-burden-6jYoil2GhVk-unsplash-300x225.jpg 300w, https:\/\/sandbox.avotz.com\/liberianuevawp\/wp-content\/uploads\/2022\/01\/aaron-burden-6jYoil2GhVk-unsplash-768x576.jpg 768w\" sizes=\"(max-width: 1024px) 100vw, 1024px\" \/><\/figure>\n<\/div>\n<\/div>\n","protected":false},"excerpt":{"rendered":"<p>Se han realizado diferentes actividades con la comunidad estudiantil menor de edad. Uno de ellos fue un desayuno con don Franklin Chang D\u00edaz en el restaurante Donde Pipe, donde se comparti\u00f3 con grandes y peque\u00f1os an\u00e9cdotas de infancia y adolescencia de don Franklin. Adem\u00e1s, la Asociaci\u00f3n Liberia Nueva trabajaba en conjunto con una asociaci\u00f3n \u201chermana\u201d, [&hellip;]<\/p>\n","protected":false},"author":1,"featured_media":49,"parent":0,"menu_order":0,"comment_status":"closed","ping_status":"closed","template":"","meta":[],"_links":{"self":[{"href":"https:\/\/sandbox.avotz.com\/liberianuevawp\/wp-json\/wp\/v2\/pages\/40"}],"collection":[{"href":"https:\/\/sandbox.avotz.com\/liberianuevawp\/wp-json\/wp\/v2\/pages"}],"about":[{"href":"https:\/\/sandbox.avotz.com\/liberianuevawp\/wp-json\/wp\/v2\/types\/page"}],"author":[{"embeddable":true,"href":"https:\/\/sandbox.avotz.com\/liberianuevawp\/wp-json\/wp\/v2\/users\/1"}],"replies":[{"embeddable":true,"href":"https:\/\/sandbox.avotz.com\/liberianuevawp\/wp-json\/wp\/v2\/comments?post=40"}],"version-history":[{"count":1,"href":"https:\/\/sandbox.avotz.com\/liberianuevawp\/wp-json\/wp\/v2\/pages\/40\/revisions"}],"predecessor-version":[{"id":42,"href":"https:\/\/sandbox.avotz.com\/liberianuevawp\/wp-json\/wp\/v2\/pages\/40\/revisions\/42"}],"wp:featuredmedia":[{"embeddable":true,"href":"https:\/\/sandbox.avotz.com\/liberianuevawp\/wp-json\/wp\/v2\/media\/49"}],"wp:attachment":[{"href":"https:\/\/sandbox.avotz.com\/liberianuevawp\/wp-json\/wp\/v2\/media?parent=40"}],"curies":[{"name":"wp","href":"https:\/\/api.w.org\/{rel}","templated":true}]}}