{"id":28,"date":"2022-01-13T16:33:13","date_gmt":"2022-01-13T16:33:13","guid":{"rendered":"http:\/\/sandbox.avotz.com\/liberianuevawp\/?page_id=28"},"modified":"2022-09-23T23:57:42","modified_gmt":"2022-09-23T23:57:42","slug":"carrera-de-la-tierra-al-espacio-y-de-vuelta-a-la-tierra","status":"publish","type":"page","link":"https:\/\/sandbox.avotz.com\/liberianuevawp\/carrera-de-la-tierra-al-espacio-y-de-vuelta-a-la-tierra\/","title":{"rendered":"Carrera de la Tierra al Espacio (y de Vuelta a la Tierra)"},"content":{"rendered":"<div class=\"wp-block-image\">\n<figure class=\"aligncenter size-large\"><img loading=\"lazy\" width=\"1024\" height=\"438\" src=\"http:\/\/sandbox.avotz.com\/liberianuevawp\/wp-content\/uploads\/2022\/01\/portada-1024x438.jpg\" alt=\"\" class=\"wp-image-26\" srcset=\"https:\/\/sandbox.avotz.com\/liberianuevawp\/wp-content\/uploads\/2022\/01\/portada-1024x438.jpg 1024w, https:\/\/sandbox.avotz.com\/liberianuevawp\/wp-content\/uploads\/2022\/01\/portada-300x128.jpg 300w, https:\/\/sandbox.avotz.com\/liberianuevawp\/wp-content\/uploads\/2022\/01\/portada-768x329.jpg 768w, https:\/\/sandbox.avotz.com\/liberianuevawp\/wp-content\/uploads\/2022\/01\/portada.jpg 1280w\" sizes=\"(max-width: 1024px) 100vw, 1024px\" \/><\/figure><\/div>\n\n\n<div class=\"wp-container-3 wp-block-columns\">\n<div class=\"wp-container-1 wp-block-column\">\n<p style=\"font-size:18px\">Esta es una ya tradicional carrera recreativa de 5 km y 10 km que tiene como punto de salida las instalaciones deportivas de la Universidad EARTH, en su campus de la finca La Flor. El trayecto de la carrera es a trav\u00e9s del camino principal a la finca el cual est\u00e1 pavimentado en su totalidad pero esto no implica que pierda su belleza esc\u00e9nica y natural. A lo largo del recorrido se podr\u00e1n admirar diferentes especies de \u00e1rboles y arbustos as\u00ed como tambi\u00e9n especies de aves de la zona como el trog\u00f3n collarejo, el p\u00e1jaro bobo y el cuco ardilla com\u00fan.<\/p>\n\n\n\n<p>Al completar los primeros cinco kil\u00f3metros de la carrera se llega a las instalaciones de Ad Astra. Este laboratorio funciona como punto de retorno para todas aquellas personas que desean completar el recorrido de 10 km. En el caso de quienes deseen caminar o correr \u00fanicamente 5 km hay un punto de retorno a los 2,5 km de haber salido de la EARTH.<\/p>\n<\/div>\n\n\n\n<div class=\"wp-container-2 wp-block-column\">\n<p>La carrera siempre es realizada por don Franklin Chang D\u00edaz y su esposa, Peggy Chang. Este es uno de los grandes atractivos de la carrera ya que las personas pueden compartir con ellos durante el recorrido, tomarse fotos y dem\u00e1s. Tambi\u00e9n se ha contado con invitados especiales en ediciones pasadas como el atleta ol\u00edmpico Leonardo Chac\u00f3n y el atleta paral\u00edmpico Laurens Molina, por mencionar algunos.<\/p>\n\n\n\n<p>Para quienes acompa\u00f1an a los corredores se ofrecen todo tipo de actividades como clases de zumba gratis, juegos tradicionales, la infaltable mejenga, y recorridos por la antigua casona del expresidente Daniel Oduber Quir\u00f3s.<\/p>\n\n\n\n<p>Esta carrera es recreativa, no se enfoca en ser competitiva puesto que el principal prop\u00f3sito es el ofrecer una actividad familiar de sano entretenimiento para la comunidad liberiana y alrededores. Sin embargo, siempre hemos contado con premios que se rifan entre todos aquellos que se encuentren inscritos. Entre los premios que hemos rifado se encuentran estad\u00edas en hoteles de la zona, actividades de recreaci\u00f3n (deportes de aventura), cenas en restaurantes locales y los m\u00e1s apreciados siempre han sido los tiquetes a\u00e9reos a EEUU y otros destinos del mundo, cortes\u00eda de United Airlines.<\/p>\n<\/div>\n<\/div>\n\n\n\n<p><\/p>\n\n\n\n<figure class=\"wp-container-5 wp-block-gallery-4 wp-block-gallery has-nested-images columns-default is-cropped\">\n<figure class=\"wp-block-image size-large\"><img loading=\"lazy\" width=\"1024\" height=\"576\" data-id=\"92\"  src=\"http:\/\/sandbox.avotz.com\/liberianuevawp\/wp-content\/uploads\/2022\/09\/28071078_10155901220076885_8869404154560986194_o-1024x576.jpg\" alt=\"\" class=\"wp-image-92\" srcset=\"https:\/\/sandbox.avotz.com\/liberianuevawp\/wp-content\/uploads\/2022\/09\/28071078_10155901220076885_8869404154560986194_o-1024x576.jpg 1024w, https:\/\/sandbox.avotz.com\/liberianuevawp\/wp-content\/uploads\/2022\/09\/28071078_10155901220076885_8869404154560986194_o-300x169.jpg 300w, https:\/\/sandbox.avotz.com\/liberianuevawp\/wp-content\/uploads\/2022\/09\/28071078_10155901220076885_8869404154560986194_o-768x432.jpg 768w, https:\/\/sandbox.avotz.com\/liberianuevawp\/wp-content\/uploads\/2022\/09\/28071078_10155901220076885_8869404154560986194_o-1536x864.jpg 1536w, https:\/\/sandbox.avotz.com\/liberianuevawp\/wp-content\/uploads\/2022\/09\/28071078_10155901220076885_8869404154560986194_o.jpg 2016w\" sizes=\"(max-width: 1024px) 100vw, 1024px\" \/><\/figure>\n\n\n\n<figure class=\"wp-block-image size-large\"><img loading=\"lazy\" width=\"1024\" height=\"576\" data-id=\"93\"  src=\"http:\/\/sandbox.avotz.com\/liberianuevawp\/wp-content\/uploads\/2022\/09\/28164963_10155901223136885_7583202859973251102_o-1024x576.jpg\" alt=\"\" class=\"wp-image-93\" srcset=\"https:\/\/sandbox.avotz.com\/liberianuevawp\/wp-content\/uploads\/2022\/09\/28164963_10155901223136885_7583202859973251102_o-1024x576.jpg 1024w, https:\/\/sandbox.avotz.com\/liberianuevawp\/wp-content\/uploads\/2022\/09\/28164963_10155901223136885_7583202859973251102_o-300x169.jpg 300w, https:\/\/sandbox.avotz.com\/liberianuevawp\/wp-content\/uploads\/2022\/09\/28164963_10155901223136885_7583202859973251102_o-768x432.jpg 768w, https:\/\/sandbox.avotz.com\/liberianuevawp\/wp-content\/uploads\/2022\/09\/28164963_10155901223136885_7583202859973251102_o-1536x864.jpg 1536w, https:\/\/sandbox.avotz.com\/liberianuevawp\/wp-content\/uploads\/2022\/09\/28164963_10155901223136885_7583202859973251102_o.jpg 2016w\" sizes=\"(max-width: 1024px) 100vw, 1024px\" \/><\/figure>\n\n\n\n<figure class=\"wp-block-image size-large\"><img loading=\"lazy\" width=\"1024\" height=\"576\" data-id=\"96\"  src=\"http:\/\/sandbox.avotz.com\/liberianuevawp\/wp-content\/uploads\/2022\/09\/28161476_10155901223611885_2096562026722046480_o-1024x576.jpg\" alt=\"\" class=\"wp-image-96\" srcset=\"https:\/\/sandbox.avotz.com\/liberianuevawp\/wp-content\/uploads\/2022\/09\/28161476_10155901223611885_2096562026722046480_o-1024x576.jpg 1024w, https:\/\/sandbox.avotz.com\/liberianuevawp\/wp-content\/uploads\/2022\/09\/28161476_10155901223611885_2096562026722046480_o-300x169.jpg 300w, https:\/\/sandbox.avotz.com\/liberianuevawp\/wp-content\/uploads\/2022\/09\/28161476_10155901223611885_2096562026722046480_o-768x432.jpg 768w, https:\/\/sandbox.avotz.com\/liberianuevawp\/wp-content\/uploads\/2022\/09\/28161476_10155901223611885_2096562026722046480_o-1536x864.jpg 1536w, https:\/\/sandbox.avotz.com\/liberianuevawp\/wp-content\/uploads\/2022\/09\/28161476_10155901223611885_2096562026722046480_o.jpg 2016w\" sizes=\"(max-width: 1024px) 100vw, 1024px\" \/><\/figure>\n\n\n\n<figure class=\"wp-block-image size-large\"><img loading=\"lazy\" width=\"1024\" height=\"576\" data-id=\"97\"  src=\"http:\/\/sandbox.avotz.com\/liberianuevawp\/wp-content\/uploads\/2022\/09\/28061524_10155901248176885_1544031499316722656_o-1024x576.jpg\" alt=\"\" class=\"wp-image-97\" srcset=\"https:\/\/sandbox.avotz.com\/liberianuevawp\/wp-content\/uploads\/2022\/09\/28061524_10155901248176885_1544031499316722656_o-1024x576.jpg 1024w, https:\/\/sandbox.avotz.com\/liberianuevawp\/wp-content\/uploads\/2022\/09\/28061524_10155901248176885_1544031499316722656_o-300x169.jpg 300w, https:\/\/sandbox.avotz.com\/liberianuevawp\/wp-content\/uploads\/2022\/09\/28061524_10155901248176885_1544031499316722656_o-768x432.jpg 768w, https:\/\/sandbox.avotz.com\/liberianuevawp\/wp-content\/uploads\/2022\/09\/28061524_10155901248176885_1544031499316722656_o-1536x864.jpg 1536w, https:\/\/sandbox.avotz.com\/liberianuevawp\/wp-content\/uploads\/2022\/09\/28061524_10155901248176885_1544031499316722656_o.jpg 2016w\" sizes=\"(max-width: 1024px) 100vw, 1024px\" \/><\/figure>\n\n\n\n<figure class=\"wp-block-image size-large\"><img loading=\"lazy\" width=\"1024\" height=\"576\" data-id=\"95\"  src=\"http:\/\/sandbox.avotz.com\/liberianuevawp\/wp-content\/uploads\/2022\/09\/28061354_10155901249056885_3635816307611686529_o-1024x576.jpg\" alt=\"\" class=\"wp-image-95\" srcset=\"https:\/\/sandbox.avotz.com\/liberianuevawp\/wp-content\/uploads\/2022\/09\/28061354_10155901249056885_3635816307611686529_o-1024x576.jpg 1024w, https:\/\/sandbox.avotz.com\/liberianuevawp\/wp-content\/uploads\/2022\/09\/28061354_10155901249056885_3635816307611686529_o-300x169.jpg 300w, https:\/\/sandbox.avotz.com\/liberianuevawp\/wp-content\/uploads\/2022\/09\/28061354_10155901249056885_3635816307611686529_o-768x432.jpg 768w, https:\/\/sandbox.avotz.com\/liberianuevawp\/wp-content\/uploads\/2022\/09\/28061354_10155901249056885_3635816307611686529_o-1536x864.jpg 1536w, https:\/\/sandbox.avotz.com\/liberianuevawp\/wp-content\/uploads\/2022\/09\/28061354_10155901249056885_3635816307611686529_o.jpg 2016w\" sizes=\"(max-width: 1024px) 100vw, 1024px\" \/><\/figure>\n\n\n\n<figure class=\"wp-block-image size-large\"><img loading=\"lazy\" width=\"1024\" height=\"576\" data-id=\"94\"  src=\"http:\/\/sandbox.avotz.com\/liberianuevawp\/wp-content\/uploads\/2022\/09\/28061134_10155901220781885_1413831147012671202_o-1024x576.jpg\" alt=\"\" class=\"wp-image-94\" srcset=\"https:\/\/sandbox.avotz.com\/liberianuevawp\/wp-content\/uploads\/2022\/09\/28061134_10155901220781885_1413831147012671202_o-1024x576.jpg 1024w, https:\/\/sandbox.avotz.com\/liberianuevawp\/wp-content\/uploads\/2022\/09\/28061134_10155901220781885_1413831147012671202_o-300x169.jpg 300w, https:\/\/sandbox.avotz.com\/liberianuevawp\/wp-content\/uploads\/2022\/09\/28061134_10155901220781885_1413831147012671202_o-768x432.jpg 768w, https:\/\/sandbox.avotz.com\/liberianuevawp\/wp-content\/uploads\/2022\/09\/28061134_10155901220781885_1413831147012671202_o-1536x864.jpg 1536w, https:\/\/sandbox.avotz.com\/liberianuevawp\/wp-content\/uploads\/2022\/09\/28061134_10155901220781885_1413831147012671202_o.jpg 2016w\" sizes=\"(max-width: 1024px) 100vw, 1024px\" \/><\/figure>\n<\/figure>\n","protected":false},"excerpt":{"rendered":"<p>Esta es una ya tradicional carrera recreativa de 5 km y 10 km que tiene como punto de salida las instalaciones deportivas de la Universidad EARTH, en su campus de la finca La Flor. El trayecto de la carrera es a trav\u00e9s del camino principal a la finca el cual est\u00e1 pavimentado en su totalidad [&hellip;]<\/p>\n","protected":false},"author":1,"featured_media":50,"parent":0,"menu_order":0,"comment_status":"closed","ping_status":"closed","template":"","meta":[],"_links":{"self":[{"href":"https:\/\/sandbox.avotz.com\/liberianuevawp\/wp-json\/wp\/v2\/pages\/28"}],"collection":[{"href":"https:\/\/sandbox.avotz.com\/liberianuevawp\/wp-json\/wp\/v2\/pages"}],"about":[{"href":"https:\/\/sandbox.avotz.com\/liberianuevawp\/wp-json\/wp\/v2\/types\/page"}],"author":[{"embeddable":true,"href":"https:\/\/sandbox.avotz.com\/liberianuevawp\/wp-json\/wp\/v2\/users\/1"}],"replies":[{"embeddable":true,"href":"https:\/\/sandbox.avotz.com\/liberianuevawp\/wp-json\/wp\/v2\/comments?post=28"}],"version-history":[{"count":6,"href":"https:\/\/sandbox.avotz.com\/liberianuevawp\/wp-json\/wp\/v2\/pages\/28\/revisions"}],"predecessor-version":[{"id":100,"href":"https:\/\/sandbox.avotz.com\/liberianuevawp\/wp-json\/wp\/v2\/pages\/28\/revisions\/100"}],"wp:featuredmedia":[{"embeddable":true,"href":"https:\/\/sandbox.avotz.com\/liberianuevawp\/wp-json\/wp\/v2\/media\/50"}],"wp:attachment":[{"href":"https:\/\/sandbox.avotz.com\/liberianuevawp\/wp-json\/wp\/v2\/media?parent=28"}],"curies":[{"name":"wp","href":"https:\/\/api.w.org\/{rel}","templated":true}]}}