{"id":19,"date":"2022-01-13T15:45:22","date_gmt":"2022-01-13T15:45:22","guid":{"rendered":"http:\/\/sandbox.avotz.com\/liberianuevawp\/?page_id=19"},"modified":"2022-01-13T15:54:57","modified_gmt":"2022-01-13T15:54:57","slug":"nosotros","status":"publish","type":"page","link":"https:\/\/sandbox.avotz.com\/liberianuevawp\/nosotros\/","title":{"rendered":"Nosotros"},"content":{"rendered":"\n<div class=\"wp-container-10 wp-block-group alignfull has-white-background-color has-background\"><div class=\"wp-block-group__inner-container\">\n<div class=\"wp-container-2 wp-block-columns alignwide\">\n<div class=\"wp-container-1 wp-block-column\">\n<div style=\"height:100px\" aria-hidden=\"true\" class=\"wp-block-spacer\"><\/div>\n\n\n\n<h6 class=\"has-text-color\" style=\"color:#000000\"><\/h6>\n\n\n\n<p class=\"has-text-color\" style=\"color:#000000;font-size:5vw;line-height:1.1\"><strong>Quienes somos<\/strong><\/p>\n\n\n\n<div style=\"height:5px\" aria-hidden=\"true\" class=\"wp-block-spacer\"><\/div>\n<\/div>\n<\/div>\n\n\n\n<div class=\"wp-container-6 wp-block-columns alignwide\">\n<div class=\"wp-container-3 wp-block-column\" style=\"flex-basis:33.38%\">\n<p class=\"has-text-color has-extra-small-font-size\" style=\"color:#000000\"><em>Liderada por el Dr. Franklin Chang D\u00edaz, nuestra asociaci\u00f3n se compone de un grupo de ciudadanos quienes creemos firmemente en la importancia de la participaci\u00f3n de todos en la construcci\u00f3n de una mejor comunidad y de un mejor pa\u00eds. Creemos que cada uno, y todos juntos, tenemos lo necesario para generar un cambio. Por lo tanto, somos una organizaci\u00f3n sin fines de lucro que, a trav\u00e9s del servicio y la organizaci\u00f3n comunal, buscamos transformar a nuestra ciudad en un modelo para el resto del pa\u00eds. Nuestro principal objetivo es cooperar con mejoras para la comunidad de Liberia, enfocadas en educaci\u00f3n, infraestructura, ciencia y tecnolog\u00eda, entre otros.<\/em><\/p>\n<\/div>\n\n\n\n<div class=\"wp-container-4 wp-block-column\" style=\"flex-basis:33%\">\n<div style=\"height:100px\" aria-hidden=\"true\" class=\"wp-block-spacer\"><\/div>\n\n\n\n<figure class=\"wp-block-image size-full\"><img loading=\"lazy\" width=\"576\" height=\"768\" src=\"http:\/\/sandbox.avotz.com\/liberianuevawp\/wp-content\/uploads\/2022\/01\/IMG_0634.jpg\" alt=\"\" class=\"wp-image-24\" srcset=\"https:\/\/sandbox.avotz.com\/liberianuevawp\/wp-content\/uploads\/2022\/01\/IMG_0634.jpg 576w, https:\/\/sandbox.avotz.com\/liberianuevawp\/wp-content\/uploads\/2022\/01\/IMG_0634-225x300.jpg 225w\" sizes=\"(max-width: 576px) 100vw, 576px\" \/><\/figure>\n<\/div>\n\n\n\n<div class=\"wp-container-5 wp-block-column\" style=\"flex-basis:33.62%\">\n<figure class=\"wp-block-image size-full\"><img loading=\"lazy\" width=\"576\" height=\"768\" src=\"http:\/\/sandbox.avotz.com\/liberianuevawp\/wp-content\/uploads\/2022\/01\/IMG_0683.jpg\" alt=\"\" class=\"wp-image-25\" srcset=\"https:\/\/sandbox.avotz.com\/liberianuevawp\/wp-content\/uploads\/2022\/01\/IMG_0683.jpg 576w, https:\/\/sandbox.avotz.com\/liberianuevawp\/wp-content\/uploads\/2022\/01\/IMG_0683-225x300.jpg 225w\" sizes=\"(max-width: 576px) 100vw, 576px\" \/><\/figure>\n<\/div>\n<\/div>\n\n\n\n<div class=\"wp-container-9 wp-block-columns alignwide\">\n<div class=\"wp-container-7 wp-block-column\" style=\"flex-basis:67%\">\n<div class=\"wp-block-image\"><figure class=\"alignright size-large\"><img loading=\"lazy\" width=\"1024\" height=\"438\" src=\"http:\/\/sandbox.avotz.com\/liberianuevawp\/wp-content\/uploads\/2022\/01\/portada-1024x438.jpg\" alt=\"\" class=\"wp-image-26\" srcset=\"https:\/\/sandbox.avotz.com\/liberianuevawp\/wp-content\/uploads\/2022\/01\/portada-1024x438.jpg 1024w, https:\/\/sandbox.avotz.com\/liberianuevawp\/wp-content\/uploads\/2022\/01\/portada-300x128.jpg 300w, https:\/\/sandbox.avotz.com\/liberianuevawp\/wp-content\/uploads\/2022\/01\/portada-768x329.jpg 768w, https:\/\/sandbox.avotz.com\/liberianuevawp\/wp-content\/uploads\/2022\/01\/portada.jpg 1280w\" sizes=\"(max-width: 1024px) 100vw, 1024px\" \/><\/figure><\/div>\n<\/div>\n\n\n\n<div class=\"wp-container-8 wp-block-column is-vertically-aligned-center\" style=\"flex-basis:33%\">\n<h2>Visi\u00f3n<\/h2>\n\n\n\n<p class=\"has-text-color has-extra-small-font-size\" style=\"color:#000000\">\u201cConsolidarse como promotor de cambio positivo en la comunidad de Liberia y sus alrededores, en educaci\u00f3n, salud, econom\u00eda, ciencia y tecnolog\u00eda, ambiente e infraestructura y un impulsor art\u00edstico y cultural de Guanacaste\u201d.<\/p>\n\n\n\n<h2>Misi\u00f3n<\/h2>\n\n\n\n<p>\u201cPromover y mejorar las condiciones socioecon\u00f3micas, ambientales y de infraestructura de la ciudad de Liberia, incluyendo incentivos a la educaci\u00f3n, el arte, la cultura, el deporte, la salud ciencia y tecnolog\u00eda, y el bienestar social\u201d.<\/p>\n<\/div>\n<\/div>\n<\/div><\/div>\n\n\n\n<p><\/p>\n","protected":false},"excerpt":{"rendered":"<p>Quienes somos Liderada por el Dr. Franklin Chang D\u00edaz, nuestra asociaci\u00f3n se compone de un grupo de ciudadanos quienes creemos firmemente en la importancia de la participaci\u00f3n de todos en la construcci\u00f3n de una mejor comunidad y de un mejor pa\u00eds. Creemos que cada uno, y todos juntos, tenemos lo necesario para generar un cambio. [&hellip;]<\/p>\n","protected":false},"author":1,"featured_media":0,"parent":0,"menu_order":0,"comment_status":"closed","ping_status":"closed","template":"","meta":[],"_links":{"self":[{"href":"https:\/\/sandbox.avotz.com\/liberianuevawp\/wp-json\/wp\/v2\/pages\/19"}],"collection":[{"href":"https:\/\/sandbox.avotz.com\/liberianuevawp\/wp-json\/wp\/v2\/pages"}],"about":[{"href":"https:\/\/sandbox.avotz.com\/liberianuevawp\/wp-json\/wp\/v2\/types\/page"}],"author":[{"embeddable":true,"href":"https:\/\/sandbox.avotz.com\/liberianuevawp\/wp-json\/wp\/v2\/users\/1"}],"replies":[{"embeddable":true,"href":"https:\/\/sandbox.avotz.com\/liberianuevawp\/wp-json\/wp\/v2\/comments?post=19"}],"version-history":[{"count":4,"href":"https:\/\/sandbox.avotz.com\/liberianuevawp\/wp-json\/wp\/v2\/pages\/19\/revisions"}],"predecessor-version":[{"id":27,"href":"https:\/\/sandbox.avotz.com\/liberianuevawp\/wp-json\/wp\/v2\/pages\/19\/revisions\/27"}],"wp:attachment":[{"href":"https:\/\/sandbox.avotz.com\/liberianuevawp\/wp-json\/wp\/v2\/media?parent=19"}],"curies":[{"name":"wp","href":"https:\/\/api.w.org\/{rel}","templated":true}]}}